{"id":2,"date":"2024-03-25T13:40:46","date_gmt":"2024-03-25T12:40:46","guid":{"rendered":"https:\/\/cabinetbacadi.fr\/?page_id=2"},"modified":"2026-01-16T11:27:58","modified_gmt":"2026-01-16T10:27:58","slug":"lesintervenants","status":"publish","type":"page","link":"https:\/\/cabinetbacadi.fr\/index.php\/lesintervenants\/","title":{"rendered":"Les intervenants r\u00e9guliers"},"content":{"rendered":"\n<div class=\"wp-block-columns is-layout-flex wp-container-core-columns-is-layout-28f84493 wp-block-columns-is-layout-flex\">\n<div class=\"wp-block-column is-layout-flow wp-block-column-is-layout-flow\" style=\"padding-right:var(--wp--preset--spacing--20);padding-left:var(--wp--preset--spacing--20)\">\n<p class=\"has-text-align-center has-tertiary-color has-text-color has-link-color has-normal-font-size wp-elements-00460bb68ebbbf6fd8dbe9c1429c9a22\" style=\"margin-bottom:var(--wp--preset--spacing--60)\">Tout au long de l&rsquo;ann\u00e9e, vous pourrez retrouver au sein du Cabinet BACADI de nombreux ateliers, organis\u00e9s et anim\u00e9s par diff\u00e9rents professionnels de la sant\u00e9 et du bien-\u00eatre.<\/p>\n<\/div>\n<\/div>\n\n\n\n<div class=\"wp-block-columns is-layout-flex wp-container-core-columns-is-layout-3e1d588b wp-block-columns-is-layout-flex\" style=\"margin-top:var(--wp--preset--spacing--70)\">\n<div class=\"wp-block-column is-layout-flow wp-block-column-is-layout-flow\" style=\"flex-basis:60%\">\n<div class=\"wp-block-columns is-layout-flex wp-container-core-columns-is-layout-28f84493 wp-block-columns-is-layout-flex\">\n<div class=\"wp-block-column is-layout-flow wp-block-column-is-layout-flow\" style=\"flex-basis:100px\">\n<figure class=\"wp-block-image size-full\"><img loading=\"lazy\" decoding=\"async\" width=\"253\" height=\"337\" src=\"https:\/\/cabinetbacadi.fr\/wp-content\/uploads\/2024\/03\/20221213_131958.webp\" alt=\"\" class=\"wp-image-115\" srcset=\"https:\/\/cabinetbacadi.fr\/wp-content\/uploads\/2024\/03\/20221213_131958.webp 253w, https:\/\/cabinetbacadi.fr\/wp-content\/uploads\/2024\/03\/20221213_131958-225x300.webp 225w\" sizes=\"auto, (max-width: 253px) 100vw, 253px\" \/><\/figure>\n<\/div>\n\n\n\n<div class=\"wp-block-column is-layout-flow wp-block-column-is-layout-flow\" style=\"flex-basis:66.66%\">\n<h2 class=\"wp-block-heading has-tertiary-color has-text-color has-link-color wp-elements-a229831e29ba82e4a221db72330984dd\">HURTAUD Marie<\/h2>\n\n\n\n<h3 class=\"wp-block-heading has-tertiary-color has-text-color has-link-color wp-elements-0f9df04fe1a0e0fd8771029c474f7635\">Psychologue du Travail<\/h3>\n<\/div>\n<\/div>\n\n\n\n<p class=\"has-normal-font-size\" style=\"margin-top:var(--wp--preset--spacing--60)\">Psychologue du travail de formation, j&rsquo;ai d\u00e9cid\u00e9 de quitter le monde des RH et du salariat en 2022 pour ouvrir mon premier cabinet \u00e0 la Rochelle puis un second \u00e0 Rochefort, o\u00f9 je re\u00e7ois en consultation individuelle.<\/p>\n\n\n\n<p class=\"has-normal-font-size\">Depuis 2024, je d\u00e9cide \u00e9galement de proposer des temps d&rsquo;\u00e9change collectif afin d&rsquo;enrichir mon offre d&rsquo;accompagnement. Ces groupes de parole permettent de lib\u00e9rer la parole de chacun(e) et de se sentir moins seul(e), en y trouvant \u00e9coute, soutien et conseils de personnes qui vivent la m\u00eame situation. <\/p>\n\n\n\n<p class=\"has-normal-font-size\" style=\"padding-right:0;padding-bottom:0;padding-left:0\">Un th\u00e8me par mois, selon mon envie ou vos besoins. (ex : burnout, charge mentale des femmes, entrepreneuriat, &#8230;).<\/p>\n\n\n\n<p class=\"has-normal-font-size\" style=\"padding-right:0;padding-bottom:var(--wp--preset--spacing--50);padding-left:0\"><strong>07.65.24.46.39<\/strong><\/p>\n\n\n\n<ul class=\"wp-block-social-links has-visible-labels has-icon-color has-icon-background-color is-style-pill-shape is-horizontal is-content-justification-center is-layout-flex wp-container-core-social-links-is-layout-8283b69d wp-block-social-links-is-layout-flex\" style=\"margin-top:var(--wp--preset--spacing--60);margin-bottom:0\"><li style=\"color:#fff;background-color:#a7c8ba;\" class=\"wp-social-link wp-social-link-facebook has-background-color wp-block-social-link\"><a rel=\"noopener nofollow\" target=\"_blank\" href=\"https:\/\/www.facebook.com\/mariehurtaud17\" class=\"wp-block-social-link-anchor\"><svg width=\"24\" height=\"24\" viewBox=\"0 0 24 24\" version=\"1.1\" xmlns=\"http:\/\/www.w3.org\/2000\/svg\" aria-hidden=\"true\" focusable=\"false\"><path d=\"M12 2C6.5 2 2 6.5 2 12c0 5 3.7 9.1 8.4 9.9v-7H7.9V12h2.5V9.8c0-2.5 1.5-3.9 3.8-3.9 1.1 0 2.2.2 2.2.2v2.5h-1.3c-1.2 0-1.6.8-1.6 1.6V12h2.8l-.4 2.9h-2.3v7C18.3 21.1 22 17 22 12c0-5.5-4.5-10-10-10z\"><\/path><\/svg><span class=\"wp-block-social-link-label\">Facebook<\/span><\/a><\/li>\n\n<li style=\"color:#fff;background-color:#a7c8ba;\" class=\"wp-social-link wp-social-link-instagram has-background-color wp-block-social-link\"><a rel=\"noopener nofollow\" target=\"_blank\" href=\"https:\/\/www.instagram.com\/marie.hurtaud.17\/\" class=\"wp-block-social-link-anchor\"><svg width=\"24\" height=\"24\" viewBox=\"0 0 24 24\" version=\"1.1\" xmlns=\"http:\/\/www.w3.org\/2000\/svg\" aria-hidden=\"true\" focusable=\"false\"><path d=\"M12,4.622c2.403,0,2.688,0.009,3.637,0.052c0.877,0.04,1.354,0.187,1.671,0.31c0.42,0.163,0.72,0.358,1.035,0.673 c0.315,0.315,0.51,0.615,0.673,1.035c0.123,0.317,0.27,0.794,0.31,1.671c0.043,0.949,0.052,1.234,0.052,3.637 s-0.009,2.688-0.052,3.637c-0.04,0.877-0.187,1.354-0.31,1.671c-0.163,0.42-0.358,0.72-0.673,1.035 c-0.315,0.315-0.615,0.51-1.035,0.673c-0.317,0.123-0.794,0.27-1.671,0.31c-0.949,0.043-1.233,0.052-3.637,0.052 s-2.688-0.009-3.637-0.052c-0.877-0.04-1.354-0.187-1.671-0.31c-0.42-0.163-0.72-0.358-1.035-0.673 c-0.315-0.315-0.51-0.615-0.673-1.035c-0.123-0.317-0.27-0.794-0.31-1.671C4.631,14.688,4.622,14.403,4.622,12 s0.009-2.688,0.052-3.637c0.04-0.877,0.187-1.354,0.31-1.671c0.163-0.42,0.358-0.72,0.673-1.035 c0.315-0.315,0.615-0.51,1.035-0.673c0.317-0.123,0.794-0.27,1.671-0.31C9.312,4.631,9.597,4.622,12,4.622 M12,3 C9.556,3,9.249,3.01,8.289,3.054C7.331,3.098,6.677,3.25,6.105,3.472C5.513,3.702,5.011,4.01,4.511,4.511 c-0.5,0.5-0.808,1.002-1.038,1.594C3.25,6.677,3.098,7.331,3.054,8.289C3.01,9.249,3,9.556,3,12c0,2.444,0.01,2.751,0.054,3.711 c0.044,0.958,0.196,1.612,0.418,2.185c0.23,0.592,0.538,1.094,1.038,1.594c0.5,0.5,1.002,0.808,1.594,1.038 c0.572,0.222,1.227,0.375,2.185,0.418C9.249,20.99,9.556,21,12,21s2.751-0.01,3.711-0.054c0.958-0.044,1.612-0.196,2.185-0.418 c0.592-0.23,1.094-0.538,1.594-1.038c0.5-0.5,0.808-1.002,1.038-1.594c0.222-0.572,0.375-1.227,0.418-2.185 C20.99,14.751,21,14.444,21,12s-0.01-2.751-0.054-3.711c-0.044-0.958-0.196-1.612-0.418-2.185c-0.23-0.592-0.538-1.094-1.038-1.594 c-0.5-0.5-1.002-0.808-1.594-1.038c-0.572-0.222-1.227-0.375-2.185-0.418C14.751,3.01,14.444,3,12,3L12,3z M12,7.378 c-2.552,0-4.622,2.069-4.622,4.622S9.448,16.622,12,16.622s4.622-2.069,4.622-4.622S14.552,7.378,12,7.378z M12,15 c-1.657,0-3-1.343-3-3s1.343-3,3-3s3,1.343,3,3S13.657,15,12,15z M16.804,6.116c-0.596,0-1.08,0.484-1.08,1.08 s0.484,1.08,1.08,1.08c0.596,0,1.08-0.484,1.08-1.08S17.401,6.116,16.804,6.116z\"><\/path><\/svg><span class=\"wp-block-social-link-label\">Instagram<\/span><\/a><\/li>\n\n<li style=\"color:#fff;background-color:#a7c8ba;\" class=\"wp-social-link wp-social-link-chain has-background-color wp-block-social-link\"><a rel=\"noopener nofollow\" target=\"_blank\" href=\"https:\/\/www.marie-hurtaud.com\/\" class=\"wp-block-social-link-anchor\"><svg width=\"24\" height=\"24\" viewBox=\"0 0 24 24\" version=\"1.1\" xmlns=\"http:\/\/www.w3.org\/2000\/svg\" aria-hidden=\"true\" focusable=\"false\"><path d=\"M15.6,7.2H14v1.5h1.6c2,0,3.7,1.7,3.7,3.7s-1.7,3.7-3.7,3.7H14v1.5h1.6c2.8,0,5.2-2.3,5.2-5.2,0-2.9-2.3-5.2-5.2-5.2zM4.7,12.4c0-2,1.7-3.7,3.7-3.7H10V7.2H8.4c-2.9,0-5.2,2.3-5.2,5.2,0,2.9,2.3,5.2,5.2,5.2H10v-1.5H8.4c-2,0-3.7-1.7-3.7-3.7zm4.6.9h5.3v-1.5H9.3v1.5z\"><\/path><\/svg><span class=\"wp-block-social-link-label\">Site Internet<\/span><\/a><\/li><\/ul>\n<\/div>\n\n\n\n<div class=\"wp-block-column is-layout-flow wp-block-column-is-layout-flow\" style=\"flex-basis:40%\">\n<figure class=\"wp-block-image aligncenter size-full\"><img loading=\"lazy\" decoding=\"async\" width=\"339\" height=\"481\" src=\"https:\/\/cabinetbacadi.fr\/wp-content\/uploads\/2024\/03\/Mariegroupe.webp\" alt=\"\" class=\"wp-image-113\" srcset=\"https:\/\/cabinetbacadi.fr\/wp-content\/uploads\/2024\/03\/Mariegroupe.webp 339w, https:\/\/cabinetbacadi.fr\/wp-content\/uploads\/2024\/03\/Mariegroupe-211x300.webp 211w\" sizes=\"auto, (max-width: 339px) 100vw, 339px\" \/><\/figure>\n<\/div>\n<\/div>\n\n\n\n<div class=\"wp-block-columns is-layout-flex wp-container-core-columns-is-layout-3e1d588b wp-block-columns-is-layout-flex\" style=\"margin-top:var(--wp--preset--spacing--70)\">\n<div class=\"wp-block-column is-layout-flow wp-block-column-is-layout-flow\" style=\"flex-basis:60%\">\n<div class=\"wp-block-columns is-layout-flex wp-container-core-columns-is-layout-28f84493 wp-block-columns-is-layout-flex\">\n<div class=\"wp-block-column is-layout-flow wp-block-column-is-layout-flow\" style=\"flex-basis:100px\">\n<figure class=\"wp-block-image size-full is-resized\"><img loading=\"lazy\" decoding=\"async\" width=\"174\" height=\"234\" src=\"https:\/\/cabinetbacadi.fr\/wp-content\/uploads\/2025\/01\/Capture-decran-2025-01-31-a-10.58.22.png\" alt=\"\" class=\"wp-image-462\" style=\"width:100px\"\/><\/figure>\n<\/div>\n\n\n\n<div class=\"wp-block-column is-layout-flow wp-block-column-is-layout-flow\" style=\"flex-basis:66.66%\">\n<h2 class=\"wp-block-heading has-tertiary-color has-text-color has-link-color wp-elements-06cc839842393ff75a9a2615e94c82b6\">CANALE Chlo\u00e9<\/h2>\n\n\n\n<h3 class=\"wp-block-heading has-tertiary-color has-text-color has-link-color wp-elements-37d2ebe52ab0db06e9d36752cc9247a7\">Psychologue &#8211; psychoth\u00e9rapeute<\/h3>\n<\/div>\n<\/div>\n\n\n\n<p><strong><em>Et si vous preniez un moment<\/em><\/strong> <strong><em>pour vous reconnecter \u00e0 vous-m\u00eame ?<\/em><\/strong><\/p>\n\n\n\n<p>\u00c0 travers des exercices guid\u00e9s, vous serez invit\u00e9\u00b7e \u00e0 poser sur le papier ce qui vous traverse : \u00e9motions, souvenirs, intuitions, images\u2026 Un chemin vers soi, port\u00e9 par les mots. Chaque s\u00e9ance est un temps pour vous \u2014 pour \u00e9crire, r\u00e9fl\u00e9chir, ressentir, et si vous le souhaitez, partager. <\/p>\n\n\n\n<p>Cet atelier propose un espace bienveillant pour explorer votre monde int\u00e9rieur gr\u00e2ce \u00e0 des propositions d\u2019\u00e9criture simples, accessibles \u00e0 tous et sans attente de performance. Ici, il ne s\u2019agit pas d\u2019\u00e9crire <em>bien<\/em>, mais d\u2019\u00e9crire <em>vrai<\/em>.<\/p>\n\n\n\n<p>Aucune exp\u00e9rience en \u00e9criture n\u2019est n\u00e9cessaire.<\/p>\n\n\n\n<ul class=\"wp-block-social-links has-visible-labels has-icon-color has-icon-background-color is-style-pill-shape is-content-justification-center is-layout-flex wp-container-core-social-links-is-layout-a55a8643 wp-block-social-links-is-layout-flex\" style=\"margin-top:var(--wp--preset--spacing--60);margin-bottom:0\"><li style=\"color:#fff;background-color:#a7c8ba;\" class=\"wp-social-link wp-social-link-instagram has-background-color wp-block-social-link\"><a rel=\"noopener nofollow\" target=\"_blank\" href=\"https:\/\/www.instagram.com\/writingmaya\/\" class=\"wp-block-social-link-anchor\"><svg width=\"24\" height=\"24\" viewBox=\"0 0 24 24\" version=\"1.1\" xmlns=\"http:\/\/www.w3.org\/2000\/svg\" aria-hidden=\"true\" focusable=\"false\"><path d=\"M12,4.622c2.403,0,2.688,0.009,3.637,0.052c0.877,0.04,1.354,0.187,1.671,0.31c0.42,0.163,0.72,0.358,1.035,0.673 c0.315,0.315,0.51,0.615,0.673,1.035c0.123,0.317,0.27,0.794,0.31,1.671c0.043,0.949,0.052,1.234,0.052,3.637 s-0.009,2.688-0.052,3.637c-0.04,0.877-0.187,1.354-0.31,1.671c-0.163,0.42-0.358,0.72-0.673,1.035 c-0.315,0.315-0.615,0.51-1.035,0.673c-0.317,0.123-0.794,0.27-1.671,0.31c-0.949,0.043-1.233,0.052-3.637,0.052 s-2.688-0.009-3.637-0.052c-0.877-0.04-1.354-0.187-1.671-0.31c-0.42-0.163-0.72-0.358-1.035-0.673 c-0.315-0.315-0.51-0.615-0.673-1.035c-0.123-0.317-0.27-0.794-0.31-1.671C4.631,14.688,4.622,14.403,4.622,12 s0.009-2.688,0.052-3.637c0.04-0.877,0.187-1.354,0.31-1.671c0.163-0.42,0.358-0.72,0.673-1.035 c0.315-0.315,0.615-0.51,1.035-0.673c0.317-0.123,0.794-0.27,1.671-0.31C9.312,4.631,9.597,4.622,12,4.622 M12,3 C9.556,3,9.249,3.01,8.289,3.054C7.331,3.098,6.677,3.25,6.105,3.472C5.513,3.702,5.011,4.01,4.511,4.511 c-0.5,0.5-0.808,1.002-1.038,1.594C3.25,6.677,3.098,7.331,3.054,8.289C3.01,9.249,3,9.556,3,12c0,2.444,0.01,2.751,0.054,3.711 c0.044,0.958,0.196,1.612,0.418,2.185c0.23,0.592,0.538,1.094,1.038,1.594c0.5,0.5,1.002,0.808,1.594,1.038 c0.572,0.222,1.227,0.375,2.185,0.418C9.249,20.99,9.556,21,12,21s2.751-0.01,3.711-0.054c0.958-0.044,1.612-0.196,2.185-0.418 c0.592-0.23,1.094-0.538,1.594-1.038c0.5-0.5,0.808-1.002,1.038-1.594c0.222-0.572,0.375-1.227,0.418-2.185 C20.99,14.751,21,14.444,21,12s-0.01-2.751-0.054-3.711c-0.044-0.958-0.196-1.612-0.418-2.185c-0.23-0.592-0.538-1.094-1.038-1.594 c-0.5-0.5-1.002-0.808-1.594-1.038c-0.572-0.222-1.227-0.375-2.185-0.418C14.751,3.01,14.444,3,12,3L12,3z M12,7.378 c-2.552,0-4.622,2.069-4.622,4.622S9.448,16.622,12,16.622s4.622-2.069,4.622-4.622S14.552,7.378,12,7.378z M12,15 c-1.657,0-3-1.343-3-3s1.343-3,3-3s3,1.343,3,3S13.657,15,12,15z M16.804,6.116c-0.596,0-1.08,0.484-1.08,1.08 s0.484,1.08,1.08,1.08c0.596,0,1.08-0.484,1.08-1.08S17.401,6.116,16.804,6.116z\"><\/path><\/svg><span class=\"wp-block-social-link-label\">Instagram<\/span><\/a><\/li>\n\n<li style=\"color:#fff;background-color:#a7c8ba;\" class=\"wp-social-link wp-social-link-chain has-background-color wp-block-social-link\"><a rel=\"noopener nofollow\" target=\"_blank\" href=\"https:\/\/canalechloe.wixsite.com\/psychologue\" class=\"wp-block-social-link-anchor\"><svg width=\"24\" height=\"24\" viewBox=\"0 0 24 24\" version=\"1.1\" xmlns=\"http:\/\/www.w3.org\/2000\/svg\" aria-hidden=\"true\" focusable=\"false\"><path d=\"M15.6,7.2H14v1.5h1.6c2,0,3.7,1.7,3.7,3.7s-1.7,3.7-3.7,3.7H14v1.5h1.6c2.8,0,5.2-2.3,5.2-5.2,0-2.9-2.3-5.2-5.2-5.2zM4.7,12.4c0-2,1.7-3.7,3.7-3.7H10V7.2H8.4c-2.9,0-5.2,2.3-5.2,5.2,0,2.9,2.3,5.2,5.2,5.2H10v-1.5H8.4c-2,0-3.7-1.7-3.7-3.7zm4.6.9h5.3v-1.5H9.3v1.5z\"><\/path><\/svg><span class=\"wp-block-social-link-label\">Site internet<\/span><\/a><\/li>\n\n<li style=\"color:#fff;background-color:#a7c8ba;\" class=\"wp-social-link wp-social-link-chain has-background-color wp-block-social-link\"><a rel=\"noopener nofollow\" target=\"_blank\" href=\"https:\/\/perfactive.fr\/chloe-canale1\/new?people=11680&#038;reason=150252\" class=\"wp-block-social-link-anchor\"><svg width=\"24\" height=\"24\" viewBox=\"0 0 24 24\" version=\"1.1\" xmlns=\"http:\/\/www.w3.org\/2000\/svg\" aria-hidden=\"true\" focusable=\"false\"><path d=\"M15.6,7.2H14v1.5h1.6c2,0,3.7,1.7,3.7,3.7s-1.7,3.7-3.7,3.7H14v1.5h1.6c2.8,0,5.2-2.3,5.2-5.2,0-2.9-2.3-5.2-5.2-5.2zM4.7,12.4c0-2,1.7-3.7,3.7-3.7H10V7.2H8.4c-2.9,0-5.2,2.3-5.2,5.2,0,2.9,2.3,5.2,5.2,5.2H10v-1.5H8.4c-2,0-3.7-1.7-3.7-3.7zm4.6.9h5.3v-1.5H9.3v1.5z\"><\/path><\/svg><span class=\"wp-block-social-link-label\">Inscription<\/span><\/a><\/li><\/ul>\n<\/div>\n\n\n\n<div class=\"wp-block-column is-layout-flow wp-block-column-is-layout-flow\" style=\"flex-basis:40%\">\n<figure class=\"wp-block-image aligncenter size-full\"><img loading=\"lazy\" decoding=\"async\" width=\"1414\" height=\"2000\" src=\"https:\/\/cabinetbacadi.fr\/wp-content\/uploads\/2025\/05\/Affiche-A4-ecriture-4.png\" alt=\"\" class=\"wp-image-554\" srcset=\"https:\/\/cabinetbacadi.fr\/wp-content\/uploads\/2025\/05\/Affiche-A4-ecriture-4.png 1414w, https:\/\/cabinetbacadi.fr\/wp-content\/uploads\/2025\/05\/Affiche-A4-ecriture-4-212x300.png 212w, https:\/\/cabinetbacadi.fr\/wp-content\/uploads\/2025\/05\/Affiche-A4-ecriture-4-724x1024.png 724w, https:\/\/cabinetbacadi.fr\/wp-content\/uploads\/2025\/05\/Affiche-A4-ecriture-4-768x1086.png 768w, https:\/\/cabinetbacadi.fr\/wp-content\/uploads\/2025\/05\/Affiche-A4-ecriture-4-1086x1536.png 1086w\" sizes=\"auto, (max-width: 1414px) 100vw, 1414px\" \/><\/figure>\n<\/div>\n<\/div>\n\n\n\n<div class=\"wp-block-columns is-layout-flex wp-container-core-columns-is-layout-3e1d588b wp-block-columns-is-layout-flex\" style=\"margin-top:var(--wp--preset--spacing--70)\">\n<div class=\"wp-block-column is-layout-flow wp-block-column-is-layout-flow\" style=\"flex-basis:60%\">\n<div class=\"wp-block-columns is-layout-flex wp-container-core-columns-is-layout-28f84493 wp-block-columns-is-layout-flex\">\n<div class=\"wp-block-column is-layout-flow wp-block-column-is-layout-flow\" style=\"flex-basis:100px\">\n<figure class=\"wp-block-image size-full\"><img loading=\"lazy\" decoding=\"async\" width=\"1920\" height=\"2560\" src=\"https:\/\/cabinetbacadi.fr\/wp-content\/uploads\/2025\/01\/Alice-scaled.jpg\" alt=\"\" class=\"wp-image-454\" srcset=\"https:\/\/cabinetbacadi.fr\/wp-content\/uploads\/2025\/01\/Alice-scaled.jpg 1920w, https:\/\/cabinetbacadi.fr\/wp-content\/uploads\/2025\/01\/Alice-225x300.jpg 225w, https:\/\/cabinetbacadi.fr\/wp-content\/uploads\/2025\/01\/Alice-768x1024.jpg 768w, https:\/\/cabinetbacadi.fr\/wp-content\/uploads\/2025\/01\/Alice-1152x1536.jpg 1152w, https:\/\/cabinetbacadi.fr\/wp-content\/uploads\/2025\/01\/Alice-1536x2048.jpg 1536w\" sizes=\"auto, (max-width: 1920px) 100vw, 1920px\" \/><\/figure>\n<\/div>\n\n\n\n<div class=\"wp-block-column is-layout-flow wp-block-column-is-layout-flow\" style=\"flex-basis:66.66%\">\n<h2 class=\"wp-block-heading has-tertiary-color has-text-color has-link-color wp-elements-be8e192dd00b6b8c4e532fee5b185008\">TOURNEUR Alice<\/h2>\n\n\n\n<h3 class=\"wp-block-heading has-tertiary-color has-text-color has-link-color wp-elements-c2f4b80e4d961f3077a61bcfd5755f7f\">Kin\u00e9siologue<\/h3>\n<\/div>\n<\/div>\n\n\n\n<p>Si tu souhaites d\u00e9couvrir une approche douce et globale pour apaiser tes stress , lib\u00e9rer tes \u00e9motions et retrouver un \u00e9quilibre et un mieux \u00eatre, cet atelier est fait pour toi.<\/p>\n\n\n\n<p>Au programme, compr\u00e9hension des \u00e9motions, d\u00e9couverte du test musculaire et approche transg\u00e9n\u00e9rationnelle.<\/p>\n<\/div>\n\n\n\n<div class=\"wp-block-column is-layout-flow wp-block-column-is-layout-flow\" style=\"flex-basis:40%\">\n<figure class=\"wp-block-image aligncenter size-full\"><img loading=\"lazy\" decoding=\"async\" width=\"1080\" height=\"1350\" src=\"https:\/\/cabinetbacadi.fr\/wp-content\/uploads\/2026\/01\/Comment-nous-contacter-.jpeg\" alt=\"\" class=\"wp-image-578\" srcset=\"https:\/\/cabinetbacadi.fr\/wp-content\/uploads\/2026\/01\/Comment-nous-contacter-.jpeg 1080w, https:\/\/cabinetbacadi.fr\/wp-content\/uploads\/2026\/01\/Comment-nous-contacter--240x300.jpeg 240w, https:\/\/cabinetbacadi.fr\/wp-content\/uploads\/2026\/01\/Comment-nous-contacter--819x1024.jpeg 819w, https:\/\/cabinetbacadi.fr\/wp-content\/uploads\/2026\/01\/Comment-nous-contacter--768x960.jpeg 768w\" sizes=\"auto, (max-width: 1080px) 100vw, 1080px\" \/><\/figure>\n<\/div>\n<\/div>\n\n\n\n<p><\/p>\n","protected":false},"excerpt":{"rendered":"<p>Tout au long de l&rsquo;ann\u00e9e, vous pourrez retrouver au sein du Cabinet BACADI de nombreux [&hellip;]<\/p>\n","protected":false},"author":1,"featured_media":84,"parent":0,"menu_order":0,"comment_status":"closed","ping_status":"closed","template":"","meta":{"footnotes":""},"class_list":["post-2","page","type-page","status-publish","has-post-thumbnail","hentry"],"aioseo_notices":[],"_links":{"self":[{"href":"https:\/\/cabinetbacadi.fr\/index.php\/wp-json\/wp\/v2\/pages\/2","targetHints":{"allow":["GET"]}}],"collection":[{"href":"https:\/\/cabinetbacadi.fr\/index.php\/wp-json\/wp\/v2\/pages"}],"about":[{"href":"https:\/\/cabinetbacadi.fr\/index.php\/wp-json\/wp\/v2\/types\/page"}],"author":[{"embeddable":true,"href":"https:\/\/cabinetbacadi.fr\/index.php\/wp-json\/wp\/v2\/users\/1"}],"replies":[{"embeddable":true,"href":"https:\/\/cabinetbacadi.fr\/index.php\/wp-json\/wp\/v2\/comments?post=2"}],"version-history":[{"count":74,"href":"https:\/\/cabinetbacadi.fr\/index.php\/wp-json\/wp\/v2\/pages\/2\/revisions"}],"predecessor-version":[{"id":581,"href":"https:\/\/cabinetbacadi.fr\/index.php\/wp-json\/wp\/v2\/pages\/2\/revisions\/581"}],"wp:featuredmedia":[{"embeddable":true,"href":"https:\/\/cabinetbacadi.fr\/index.php\/wp-json\/wp\/v2\/media\/84"}],"wp:attachment":[{"href":"https:\/\/cabinetbacadi.fr\/index.php\/wp-json\/wp\/v2\/media?parent=2"}],"curies":[{"name":"wp","href":"https:\/\/api.w.org\/{rel}","templated":true}]}}